{"id":128,"date":"2017-04-16T15:25:05","date_gmt":"2017-04-16T13:25:05","guid":{"rendered":"https:\/\/bayer-in.de\/wordpress\/?page_id=128"},"modified":"2018-05-08T13:40:42","modified_gmt":"2018-05-08T11:40:42","slug":"alex","status":"publish","type":"page","link":"https:\/\/bayer-in.de\/blog\/alex\/","title":{"rendered":"Alex"},"content":{"rendered":"<p>Schon als Kind hatte ich gro\u00dfe Interesse zur Technik und konnte dank meinem Vater sehr fr\u00fch mit Elektronik anfangen.\u00a0Der Weg ist das Ziel sagte Konfuzius und mein Weg von einfacher Multivibratorschaltung mit zwei Gl\u00fchbirnen als Polizeilicht \ud83d\ude42 f\u00fcr ein Modellauto, \u00fcber modifizierte Tonbandaufnahmeger\u00e4te, Lichtorgel, reparierte Fernsehger\u00e4te bis zur Amateurfunkanlagen, Audioverst\u00e4rker mit Equalizer f\u00fcr Schuldisko, selbstgebaute Lautsprecherboxen und Hochvolt-Z\u00fcndanlage f\u00fcr unser Familienauto bereitete mir viel Freude und sorgte daf\u00fcr, dass ich heute als Entwicklungsingenieur in der Automobilbranche arbeite.<\/p>\n<p>Nun bringe ich es meinen Kindern bei und stelle auf dieser Webseite unsere gemeinsame Projekte vor.<\/p>\n","protected":false},"excerpt":{"rendered":"<p>Schon als Kind hatte ich gro\u00dfe Interesse zur Technik und konnte dank meinem Vater sehr fr\u00fch mit Elektronik anfangen.\u00a0Der Weg ist das Ziel sagte Konfuzius und mein Weg von einfacher Multivibratorschaltung mit zwei Gl\u00fchbirnen als Polizeilicht \ud83d\ude42 f\u00fcr ein Modellauto, \u00fcber modifizierte Tonbandaufnahmeger\u00e4te, Lichtorgel, reparierte Fernsehger\u00e4te bis zur Amateurfunkanlagen, Audioverst\u00e4rker mit Equalizer f\u00fcr Schuldisko, selbstgebaute &hellip; <\/p>\n<p class=\"link-more\"><a href=\"https:\/\/bayer-in.de\/blog\/alex\/\" class=\"more-link\"><span class=\"screen-reader-text\">\u201eAlex\u201c<\/span> weiterlesen<\/a><\/p>\n","protected":false},"author":2,"featured_media":0,"parent":0,"menu_order":0,"comment_status":"closed","ping_status":"closed","template":"","meta":{"footnotes":""},"class_list":["post-128","page","type-page","status-publish","hentry"],"_links":{"self":[{"href":"https:\/\/bayer-in.de\/blog\/wp-json\/wp\/v2\/pages\/128","targetHints":{"allow":["GET"]}}],"collection":[{"href":"https:\/\/bayer-in.de\/blog\/wp-json\/wp\/v2\/pages"}],"about":[{"href":"https:\/\/bayer-in.de\/blog\/wp-json\/wp\/v2\/types\/page"}],"author":[{"embeddable":true,"href":"https:\/\/bayer-in.de\/blog\/wp-json\/wp\/v2\/users\/2"}],"replies":[{"embeddable":true,"href":"https:\/\/bayer-in.de\/blog\/wp-json\/wp\/v2\/comments?post=128"}],"version-history":[{"count":2,"href":"https:\/\/bayer-in.de\/blog\/wp-json\/wp\/v2\/pages\/128\/revisions"}],"predecessor-version":[{"id":235,"href":"https:\/\/bayer-in.de\/blog\/wp-json\/wp\/v2\/pages\/128\/revisions\/235"}],"wp:attachment":[{"href":"https:\/\/bayer-in.de\/blog\/wp-json\/wp\/v2\/media?parent=128"}],"curies":[{"name":"wp","href":"https:\/\/api.w.org\/{rel}","templated":true}]}}